{"id":13499,"date":"2024-12-11T10:51:15","date_gmt":"2024-12-11T09:51:15","guid":{"rendered":"https:\/\/botrange.be\/privatsphaere\/"},"modified":"2024-12-11T10:56:19","modified_gmt":"2024-12-11T09:56:19","slug":"privatsphaere","status":"publish","type":"page","link":"https:\/\/botrange.be\/de\/privatsphaere\/","title":{"rendered":"Privatsph\u00e4re"},"content":{"rendered":"\t\t<div data-elementor-type=\"wp-page\" data-elementor-id=\"13499\" class=\"elementor elementor-13499 elementor-2265\" data-elementor-post-type=\"page\">\n\t\t\t\t\t\t<section class=\"elementor-section elementor-top-section elementor-element elementor-element-6247530 elementor-section-boxed elementor-section-height-default elementor-section-height-default\" data-id=\"6247530\" data-element_type=\"section\" data-e-type=\"section\">\n\t\t\t\t\t\t<div class=\"elementor-container elementor-column-gap-default\">\n\t\t\t\t\t<div class=\"elementor-column elementor-col-100 elementor-top-column elementor-element elementor-element-37c6d5b\" data-id=\"37c6d5b\" data-element_type=\"column\" data-e-type=\"column\">\n\t\t\t<div class=\"elementor-widget-wrap elementor-element-populated\">\n\t\t\t\t\t\t<div class=\"elementor-element elementor-element-357cb8c elementor-widget elementor-widget-text-editor\" data-id=\"357cb8c\" data-element_type=\"widget\" data-e-type=\"widget\" data-widget_type=\"text-editor.default\">\n\t\t\t\t<div class=\"elementor-widget-container\">\n\t\t\t\t\t\t\t\t\t<h2>Privatsph\u00e4re<\/h2><div>\u00a0<\/div><h1>Grunds\u00e4tze f\u00fcr die Erhebung personenbezogener Daten.<\/h1><p>Die personenbezogenen Daten des Besuchers werden gem\u00e4\u00df den Bestimmungen der DSGVO vom 25. Mai 2018 \u00fcber die Verarbeitung personenbezogener Daten verarbeitet.<br \/>Konkret bedeutet dies insbesondere Folgendes:<br \/>Ihre personenbezogenen Daten d\u00fcrfen nur zu den bei der Erhebung angegebenen Zwecken erhoben und verarbeitet werden.<\/p><p>Sie haben das Recht, Ihre personenbezogenen Daten einzusehen, um ihre Richtigkeit zu \u00fcberpr\u00fcfen und eventuelle Fehler zu korrigieren, aber auch um ihre einfache L\u00f6schung zu verlangen. Zu diesem Zweck k\u00f6nnen Sie sich an den Verantwortlichen f\u00fcr die Verarbeitung Ihrer Daten wenden, dessen Kontaktdaten unten aufgef\u00fchrt sind.<br \/>Der Naturpark Hohes Venn Eifel verpflichtet sich, die besten Sicherheitsma\u00dfnahmen zu ergreifen, um zu verhindern, dass Dritte die von Ihnen \u00fcbermittelten personenbezogenen Daten missbrauchen.<\/p><p>Zu keinem Zeitpunkt werden die \u00fcber Sie gesammelten Daten vom Naturpark Hohes Venn Eifel an Dritte weitergegeben, ohne dass Sie vorher Ihre ausdr\u00fcckliche Zustimmung gegeben haben.<\/p><p>\u00a0<\/p><h1>Verantwortlicher f\u00fcr die Datenverarbeitung<\/h1><p>Alle Anfragen oder Fragen zum Datenschutz auf dieser Website k\u00f6nnen an die Postanschrift von Parc naturel Hautes Fagnes Eifel, Route de Botrange 131 in 4950 Waimes (Belgium) &#8211; Tel.: +32 (0)80\/440.300 &#8211; E-mail: info@botrange.be &#8211; E-mail: info@botrange.be gerichtet werden.<br \/>Die f\u00fcr diese Angelegenheiten zust\u00e4ndige Person ist der amtierende Direktor.<br \/>Verwendung von Navigationsdaten f\u00fcr statistische Zwecke<\/p><p>Wenn Sie auf die Website zugreifen, sammeln die Server, die Sie besuchen, automatisch die folgenden Daten:<\/p><p>&#8211; Datum und Uhrzeit des Zugriffs auf die Website<br \/>&#8211; die aufgerufenen Seiten<br \/>&#8211; die Dauer Ihres Besuchs<br \/>&#8211; die H\u00e4ufigkeit Ihrer Besuche<br \/>&#8211; den Typ des verwendeten Browsers<br \/>&#8211; die Plattform und\/oder das Betriebssystem, das auf Ihrem Computer installiert ist<br \/>&#8211; die Suchmaschine sowie die Suchbegriffe, die zum Auffinden der Website verwendet wurden.<br \/>&#8211; die geografische Region ( Stadt ).<\/p><p>Diese Informationen werden nur zu dem Zweck gespeichert, die Anzahl der Besucher in den verschiedenen Bereichen der Website zu messen und Verbesserungen vorzunehmen. Das f\u00fcr die Aufzeichnung dieser Daten verwendete statistische Tool ist Google Analytics.<\/p><p>Wenn Sie es w\u00fcnschen, k\u00f6nnen Sie die Aufzeichnung der Besuche auf unserer Website mithilfe des von Google Analytics zur Verf\u00fcgung gestellten Moduls deaktivieren.<\/p><p>Wir erfassen zu keinem Zeitpunkt personenbezogene Daten wie Vorname, Nachname, Telefonnummer, E-Mail-Adresse, IP-Adresse (anonymisierte Daten) oder Postanschrift, es sei denn, Sie f\u00fcllen spontan und einvernehmlich ein Formular aus, bei dem Ihnen die Verwendung der erfassten Daten deutlich mitgeteilt wird.<\/p><p>\u00a0<\/p><h1>Verwendung von Cookies<\/h1><p>Um Ihnen das Surfen auf der Website zu erleichtern sowie die technische Verwaltung zu optimieren, kann der Naturpark Hohes Venn Eifel gelegentlich \u201eCookies\u201c verwenden.<br \/>Ein \u201eCookie\u201c ist ein kleines St\u00fcck Information, das von einer Website im Internetbrowser Ihres Computers gespeichert wird. Dieses \u201eCookie\u201c kann bei einem sp\u00e4teren Besuch auf derselben Website wieder abgerufen werden. Das \u201eCookie\u201c kann von keiner anderen Website gelesen werden als von der, die es erstellt hat. Die Website verwendet \u201eCookies\u201c f\u00fcr Verwaltungszwecke, um z. B. Ihre Pr\u00e4ferenzen f\u00fcr bestimmte Arten von Informationen zu speichern, sodass Sie bei jedem Besuch unserer Website nicht dieselben Tastatureingaben wiederholen m\u00fcssen.<br \/>Auf der Website werden zwei Cookies eingesetzt:<\/p><p>&#8211; Google Analytics (siehe oben)<br \/>&#8211; YouTube f\u00fcr Seiten, die Videos enthalten.<\/p><p>Die meisten \u201eCookies\u201c funktionieren nur f\u00fcr die Dauer einer Sitzung oder eines Besuchs. Keines dieser Cookies enth\u00e4lt Informationen, die es Ihnen erm\u00f6glichen, per Telefon, E-Mail oder Post kontaktiert zu werden. Sie k\u00f6nnen Ihren Browser auch so einstellen, dass er Sie informiert, wenn ein \u201eCookie\u201c erstellt wird, oder das Speichern von \u201eCookies\u201c verhindert.<\/p><p>\u00a0<\/p><h1>Soziale Netzwerke und Medien<\/h1><p>Visible hat eine Aktivit\u00e4t in sozialen Netzwerken \u00fcber offizielle Seiten entwickelt, die es uns erm\u00f6glichen, mit unserem Publikum zu kommunizieren und zu interagieren.<\/p><p>Wir laden Sie ein, sich auf ihren Websites dar\u00fcber zu informieren, wie diese sozialen Netzwerke und Medien die DSGVO einhalten:<\/p><p>FACEBOOK: https:\/\/www.facebook.com\/business\/gdpr<br \/>YOUTUBE: https:\/\/policies.google.com\/privacy?hl=fr&amp;gl=fr<br \/>INSTAGRAM: https:\/\/help.instagram.com\/519522125107875<\/p><p>Beachten Sie, dass Sie als Nutzer dieser Netzwerke und sozialen Medien normalerweise die von jedem dieser Netzwerke und sozialen Medien festgelegten Nutzungsbedingungen akzeptiert haben m\u00fcssen. Der Naturpark Hohes Venn Eifel kann daher nicht f\u00fcr die pers\u00f6nlichen Daten verantwortlich gemacht werden, die Sie auf diesen Plattformen hinterlassen, wenn Sie unsere offiziellen Seiten und Konten besuchen und mit ihnen interagieren.<\/p><p>\u00a0<\/p>\t\t\t\t\t\t\t\t<\/div>\n\t\t\t\t<\/div>\n\t\t\t\t\t<\/div>\n\t\t<\/div>\n\t\t\t\t\t<\/div>\n\t\t<\/section>\n\t\t\t\t<\/div>\n\t\t","protected":false},"excerpt":{"rendered":"<p class=\"excerpt\">Privatsph\u00e4re \u00a0 Grunds\u00e4tze f\u00fcr die Erhebung personenbezogener Daten. Die personenbezogenen Daten des Besuchers werden gem\u00e4\u00df den Bestimmungen der DSGVO vom 25. Mai 2018 \u00fcber die Verarbeitung personenbezogener Daten verarbeitet.Konkret bedeutet [&hellip;]<\/p>\n","protected":false},"author":1,"featured_media":0,"parent":0,"menu_order":0,"comment_status":"closed","ping_status":"closed","template":"template-blank.php","meta":{"_acf_changed":false,"inline_featured_image":false,"_monsterinsights_skip_tracking":false,"_monsterinsights_sitenote_active":false,"_monsterinsights_sitenote_note":"","_monsterinsights_sitenote_category":0,"footnotes":""},"class_list":["post-13499","page","type-page","status-publish","hentry"],"acf":[],"yoast_head":"<!-- This site is optimized with the Yoast SEO plugin v27.4 - https:\/\/yoast.com\/product\/yoast-seo-wordpress\/ -->\n<title>Privatsph\u00e4re - Parc naturel Hautes Fagnes-Eifel<\/title>\n<meta name=\"robots\" content=\"index, follow, max-snippet:-1, max-image-preview:large, max-video-preview:-1\" \/>\n<link rel=\"canonical\" href=\"https:\/\/botrange.be\/de\/privatsphaere\/\" \/>\n<meta property=\"og:locale\" content=\"de_DE\" \/>\n<meta property=\"og:type\" content=\"article\" \/>\n<meta property=\"og:title\" content=\"Privatsph\u00e4re - Parc naturel Hautes Fagnes-Eifel\" \/>\n<meta property=\"og:description\" content=\"Privatsph\u00e4re \u00a0 Grunds\u00e4tze f\u00fcr die Erhebung personenbezogener Daten. Die personenbezogenen Daten des Besuchers werden gem\u00e4\u00df den Bestimmungen der DSGVO vom 25. Mai 2018 \u00fcber die Verarbeitung personenbezogener Daten verarbeitet.Konkret bedeutet [&hellip;]\" \/>\n<meta property=\"og:url\" content=\"https:\/\/botrange.be\/de\/privatsphaere\/\" \/>\n<meta property=\"og:site_name\" content=\"Parc naturel Hautes Fagnes-Eifel\" \/>\n<meta property=\"article:modified_time\" content=\"2024-12-11T09:56:19+00:00\" \/>\n<meta name=\"twitter:card\" content=\"summary_large_image\" \/>\n<meta name=\"twitter:label1\" content=\"Gesch\u00e4tzte Lesezeit\" \/>\n\t<meta name=\"twitter:data1\" content=\"4\u00a0Minuten\" \/>\n<script type=\"application\/ld+json\" class=\"yoast-schema-graph\">{\"@context\":\"https:\\\/\\\/schema.org\",\"@graph\":[{\"@type\":\"WebPage\",\"@id\":\"https:\\\/\\\/botrange.be\\\/de\\\/privatsphaere\\\/\",\"url\":\"https:\\\/\\\/botrange.be\\\/de\\\/privatsphaere\\\/\",\"name\":\"Privatsph\u00e4re - Parc naturel Hautes Fagnes-Eifel\",\"isPartOf\":{\"@id\":\"https:\\\/\\\/botrange.be\\\/de\\\/#website\"},\"datePublished\":\"2024-12-11T09:51:15+00:00\",\"dateModified\":\"2024-12-11T09:56:19+00:00\",\"breadcrumb\":{\"@id\":\"https:\\\/\\\/botrange.be\\\/de\\\/privatsphaere\\\/#breadcrumb\"},\"inLanguage\":\"de\",\"potentialAction\":[{\"@type\":\"ReadAction\",\"target\":[\"https:\\\/\\\/botrange.be\\\/de\\\/privatsphaere\\\/\"]}]},{\"@type\":\"BreadcrumbList\",\"@id\":\"https:\\\/\\\/botrange.be\\\/de\\\/privatsphaere\\\/#breadcrumb\",\"itemListElement\":[{\"@type\":\"ListItem\",\"position\":1,\"name\":\"Accueil\",\"item\":\"https:\\\/\\\/botrange.be\\\/de\\\/\"},{\"@type\":\"ListItem\",\"position\":2,\"name\":\"Privatsph\u00e4re\"}]},{\"@type\":\"WebSite\",\"@id\":\"https:\\\/\\\/botrange.be\\\/de\\\/#website\",\"url\":\"https:\\\/\\\/botrange.be\\\/de\\\/\",\"name\":\"Parc naturel Hautes Fagnes-Eifel\",\"description\":\"50 ANS 1971-2021\",\"publisher\":{\"@id\":\"https:\\\/\\\/botrange.be\\\/de\\\/#organization\"},\"potentialAction\":[{\"@type\":\"SearchAction\",\"target\":{\"@type\":\"EntryPoint\",\"urlTemplate\":\"https:\\\/\\\/botrange.be\\\/de\\\/?s={search_term_string}\"},\"query-input\":{\"@type\":\"PropertyValueSpecification\",\"valueRequired\":true,\"valueName\":\"search_term_string\"}}],\"inLanguage\":\"de\"},{\"@type\":\"Organization\",\"@id\":\"https:\\\/\\\/botrange.be\\\/de\\\/#organization\",\"name\":\"Parc naturel Hautes Fagnes-Eifel\",\"url\":\"https:\\\/\\\/botrange.be\\\/de\\\/\",\"logo\":{\"@type\":\"ImageObject\",\"inLanguage\":\"de\",\"@id\":\"https:\\\/\\\/botrange.be\\\/de\\\/#\\\/schema\\\/logo\\\/image\\\/\",\"url\":\"https:\\\/\\\/botrange.be\\\/wp-content\\\/uploads\\\/2021\\\/06\\\/logo.svg\",\"contentUrl\":\"https:\\\/\\\/botrange.be\\\/wp-content\\\/uploads\\\/2021\\\/06\\\/logo.svg\",\"caption\":\"Parc naturel Hautes Fagnes-Eifel\"},\"image\":{\"@id\":\"https:\\\/\\\/botrange.be\\\/de\\\/#\\\/schema\\\/logo\\\/image\\\/\"}}]}<\/script>\n<!-- \/ Yoast SEO plugin. -->","yoast_head_json":{"title":"Privatsph\u00e4re - Parc naturel Hautes Fagnes-Eifel","robots":{"index":"index","follow":"follow","max-snippet":"max-snippet:-1","max-image-preview":"max-image-preview:large","max-video-preview":"max-video-preview:-1"},"canonical":"https:\/\/botrange.be\/de\/privatsphaere\/","og_locale":"de_DE","og_type":"article","og_title":"Privatsph\u00e4re - Parc naturel Hautes Fagnes-Eifel","og_description":"Privatsph\u00e4re \u00a0 Grunds\u00e4tze f\u00fcr die Erhebung personenbezogener Daten. Die personenbezogenen Daten des Besuchers werden gem\u00e4\u00df den Bestimmungen der DSGVO vom 25. Mai 2018 \u00fcber die Verarbeitung personenbezogener Daten verarbeitet.Konkret bedeutet [&hellip;]","og_url":"https:\/\/botrange.be\/de\/privatsphaere\/","og_site_name":"Parc naturel Hautes Fagnes-Eifel","article_modified_time":"2024-12-11T09:56:19+00:00","twitter_card":"summary_large_image","twitter_misc":{"Gesch\u00e4tzte Lesezeit":"4\u00a0Minuten"},"schema":{"@context":"https:\/\/schema.org","@graph":[{"@type":"WebPage","@id":"https:\/\/botrange.be\/de\/privatsphaere\/","url":"https:\/\/botrange.be\/de\/privatsphaere\/","name":"Privatsph\u00e4re - Parc naturel Hautes Fagnes-Eifel","isPartOf":{"@id":"https:\/\/botrange.be\/de\/#website"},"datePublished":"2024-12-11T09:51:15+00:00","dateModified":"2024-12-11T09:56:19+00:00","breadcrumb":{"@id":"https:\/\/botrange.be\/de\/privatsphaere\/#breadcrumb"},"inLanguage":"de","potentialAction":[{"@type":"ReadAction","target":["https:\/\/botrange.be\/de\/privatsphaere\/"]}]},{"@type":"BreadcrumbList","@id":"https:\/\/botrange.be\/de\/privatsphaere\/#breadcrumb","itemListElement":[{"@type":"ListItem","position":1,"name":"Accueil","item":"https:\/\/botrange.be\/de\/"},{"@type":"ListItem","position":2,"name":"Privatsph\u00e4re"}]},{"@type":"WebSite","@id":"https:\/\/botrange.be\/de\/#website","url":"https:\/\/botrange.be\/de\/","name":"Parc naturel Hautes Fagnes-Eifel","description":"50 ANS 1971-2021","publisher":{"@id":"https:\/\/botrange.be\/de\/#organization"},"potentialAction":[{"@type":"SearchAction","target":{"@type":"EntryPoint","urlTemplate":"https:\/\/botrange.be\/de\/?s={search_term_string}"},"query-input":{"@type":"PropertyValueSpecification","valueRequired":true,"valueName":"search_term_string"}}],"inLanguage":"de"},{"@type":"Organization","@id":"https:\/\/botrange.be\/de\/#organization","name":"Parc naturel Hautes Fagnes-Eifel","url":"https:\/\/botrange.be\/de\/","logo":{"@type":"ImageObject","inLanguage":"de","@id":"https:\/\/botrange.be\/de\/#\/schema\/logo\/image\/","url":"https:\/\/botrange.be\/wp-content\/uploads\/2021\/06\/logo.svg","contentUrl":"https:\/\/botrange.be\/wp-content\/uploads\/2021\/06\/logo.svg","caption":"Parc naturel Hautes Fagnes-Eifel"},"image":{"@id":"https:\/\/botrange.be\/de\/#\/schema\/logo\/image\/"}}]}},"_links":{"self":[{"href":"https:\/\/botrange.be\/de\/wp-json\/wp\/v2\/pages\/13499","targetHints":{"allow":["GET"]}}],"collection":[{"href":"https:\/\/botrange.be\/de\/wp-json\/wp\/v2\/pages"}],"about":[{"href":"https:\/\/botrange.be\/de\/wp-json\/wp\/v2\/types\/page"}],"author":[{"embeddable":true,"href":"https:\/\/botrange.be\/de\/wp-json\/wp\/v2\/users\/1"}],"replies":[{"embeddable":true,"href":"https:\/\/botrange.be\/de\/wp-json\/wp\/v2\/comments?post=13499"}],"version-history":[{"count":5,"href":"https:\/\/botrange.be\/de\/wp-json\/wp\/v2\/pages\/13499\/revisions"}],"predecessor-version":[{"id":13504,"href":"https:\/\/botrange.be\/de\/wp-json\/wp\/v2\/pages\/13499\/revisions\/13504"}],"wp:attachment":[{"href":"https:\/\/botrange.be\/de\/wp-json\/wp\/v2\/media?parent=13499"}],"curies":[{"name":"wp","href":"https:\/\/api.w.org\/{rel}","templated":true}]}}