{"id":13506,"date":"2024-12-11T11:35:41","date_gmt":"2024-12-11T10:35:41","guid":{"rendered":"https:\/\/botrange.be\/allgemeine-geschaeftsbedingungen\/"},"modified":"2024-12-11T11:41:53","modified_gmt":"2024-12-11T10:41:53","slug":"allgemeine-geschaeftsbedingungen","status":"publish","type":"page","link":"https:\/\/botrange.be\/de\/allgemeine-geschaeftsbedingungen\/","title":{"rendered":"Allgemeine Gesch\u00e4ftsbedingungen"},"content":{"rendered":"\t\t<div data-elementor-type=\"wp-page\" data-elementor-id=\"13506\" class=\"elementor elementor-13506 elementor-2273\" data-elementor-post-type=\"page\">\n\t\t\t\t\t\t<section class=\"elementor-section elementor-top-section elementor-element elementor-element-f57f380 elementor-section-boxed elementor-section-height-default elementor-section-height-default\" data-id=\"f57f380\" data-element_type=\"section\" data-e-type=\"section\">\n\t\t\t\t\t\t<div class=\"elementor-container elementor-column-gap-default\">\n\t\t\t\t\t<div class=\"elementor-column elementor-col-100 elementor-top-column elementor-element elementor-element-f3f6213\" data-id=\"f3f6213\" data-element_type=\"column\" data-e-type=\"column\">\n\t\t\t<div class=\"elementor-widget-wrap elementor-element-populated\">\n\t\t\t\t\t\t<div class=\"elementor-element elementor-element-d09095a elementor-widget elementor-widget-text-editor\" data-id=\"d09095a\" data-element_type=\"widget\" data-e-type=\"widget\" data-widget_type=\"text-editor.default\">\n\t\t\t\t<div class=\"elementor-widget-container\">\n\t\t\t\t\t\t\t\t\t<h2><br \/>Allgemeine Gesch\u00e4ftsbedingungen<\/h2><p>\u00a0<\/p><h1>Rechtliche Informationen &#8211; Bedingungen f\u00fcr die Nutzung der Website<\/h1><p>Die Nutzung der Website des Naturparks Hohes Venn Eifel unterliegt den nachfolgend beschriebenen allgemeinen Nutzungsbedingungen. Mit dem Zugriff auf diese Website erkl\u00e4ren Sie, dass Sie diese allgemeinen Nutzungsbedingungen zur Kenntnis genommen und ohne jeden Vorbehalt akzeptiert haben.<\/p><h1><br \/><strong>Qualit\u00e4t der Informationen und der Dienstleistung, Haftungsbeschr\u00e4nkung<\/strong><\/h1><p>Die VoG Naturpark Hohes Venn Eifel erstellt ihre Website mit gr\u00f6\u00dftm\u00f6glicher Sorgfalt. Sie garantiert jedoch nicht f\u00fcr die Richtigkeit der dort angebotenen Informationen. Der Nutzer ist sich au\u00dferdem bewusst, dass diese Informationen ohne vorherige Ank\u00fcndigung ge\u00e4ndert werden k\u00f6nnen. Daraus folgt, dass der Naturpark Hohes Venn Eifel keinerlei Haftung f\u00fcr den Inhalt seiner Website oder f\u00fcr die Nutzung dieser Website \u00fcbernimmt.<\/p><p>Die Hypertext-Links auf der Website, die die Nutzer auf andere Websites verweisen, bedeuten nicht, dass der Naturpark Hohes Venn Eifel f\u00fcr den Inhalt dieser Websites verantwortlich ist. Die Risiken, die mit der Nutzung dieser Websites verbunden sind, liegen vollst\u00e4ndig beim Nutzer. Er wird sich an deren Nutzungsbedingungen halten.<\/p><p>Dar\u00fcber hinaus kann der Naturpark Hohes Venn Eifel nicht f\u00fcr Fehler in den Adressen von Websites oder Domainnamen auf seiner Website haftbar gemacht werden.<\/p><p>Trotz aller Bem\u00fchungen, Unterbrechungen aufgrund technischer Probleme m\u00f6glichst zu vermeiden, \u00fcbernimmt der Naturpark Hohes Venn Eifel keine Haftung f\u00fcr Unterbrechungen von Diensten oder andere technische Probleme.<\/p><h1><br \/>Rechte an geistigem Eigentum<\/h1><p>Die Texte, Layouts, Logos, Fotografien, Videos, Illustrationen und andere Bestandteile der Website sind durch das Urheberrecht oder, wenn es sich um Datenbanken handelt, durch ein spezifisches Recht gesch\u00fctzt. Alle diese Elemente sind Eigentum des Naturparks Hohes Venn Eifel oder gegebenenfalls eines Dritten, von dem der Naturpark Hohes Venn Eifel die erforderlichen Genehmigungen erhalten hat.<\/p><p>Sofern nicht anders angegeben, k\u00f6nnen die auf der Website enthaltenen Text- oder Zahleninformationen kostenlos verwendet werden, jedoch nur unter Angabe der Quelle und ausschlie\u00dflich f\u00fcr eine nicht kommerzielle oder werbliche Nutzung. Jede kommerzielle oder werbliche Vervielf\u00e4ltigung dieser Informationen sowie jede Form der Nutzung und Vervielf\u00e4ltigung anderer Bestandteile der Website wie Grafiken, Bilder, Videos, Animationen, T\u00f6ne oder Computeranwendungen sind ohne vorherige Genehmigung strengstens untersagt. Alle diesbez\u00fcglichen Anfragen sind schriftlich an Naturpark Hohes Venn Eifel, Route de Botrange 131 in 4950 Waimes (Belgien) &#8211; Tel.: +32 (0)80\/440.300 &#8211; E-mail: info@botrange.be zu richten.<\/p><h1><br \/>Erstellung von Hyperlinks auf die Website<\/h1><p>Der Naturpark Hohes Venn Eifel gestattet ohne vorherige Anfrage die Einrichtung von Links auf der Oberfl\u00e4che (surface linking), die auf die Startseite der Website oder auf jede andere Seite in ihrer Gesamtheit verweisen. Die Verwendung jeglicher Techniken, die darauf abzielen, die gesamte Website oder einen Teil davon in eine andere Website einzubinden und dabei den genauen Ursprung der Information auch nur teilweise zu verbergen oder die zu Verwirrung \u00fcber den Ursprung der Information f\u00fchren k\u00f6nnen, wie z. B. Framing oder In-Lining, bedarf hingegen der schriftlichen Genehmigung des Naturparks Hohes Venn Eifel. Ein entsprechender Antrag ist schriftlich an Naturpark Hohes Venn Eifel, Route de Botrange 131 in 4950 Waimes (Belgien) &#8211; Tel.: +32 (0)80\/440.300 &#8211; E-mail: info@botrange.be zu richten.<\/p><h1><br \/><strong>\u00dcbermittelte Informationen<\/strong><\/h1><p>\u00dcbermitteln Sie keine illegalen, bedrohlichen, diffamierenden, obsz\u00f6nen, skandal\u00f6sen, provokativen, pornografischen oder blasphemischen Informationen oder andere Informationen, die nach dem Recht des Landes, auf das sich diese Website bezieht, zivil- oder strafrechtliche Haftung nach sich ziehen k\u00f6nnen.<\/p><h1><br \/>Hacking<\/h1><p>Jeder Versuch oder jede Aktion, die Website des Naturparks Hohes Venn zu hacken, kann vor den Gerichten des Gerichtsbezirks Verviers (Belgien) strafrechtlich verfolgt werden.<\/p><h1><br \/>Vollst\u00e4ndige Kontaktdaten<\/h1><p>Verwaltungskommission des Naturparks Hohes Venn-Eifel, Route de Botrange 131 in 4950 Waimes (Belgium).<\/p><p>Tel. +32 (0)80 44 03 00<br \/>E-Mail: info@botrange.be<br \/>Unternehmensnummer: BE 0408.102.358<br \/>BELFIUS Bank: IBAN BE84.0682.0133.6459 &#8211; Code GKCCBEBB<\/p>\t\t\t\t\t\t\t\t<\/div>\n\t\t\t\t<\/div>\n\t\t\t\t\t<\/div>\n\t\t<\/div>\n\t\t\t\t\t<\/div>\n\t\t<\/section>\n\t\t\t\t<\/div>\n\t\t","protected":false},"excerpt":{"rendered":"<p class=\"excerpt\">Allgemeine Gesch\u00e4ftsbedingungen \u00a0 Rechtliche Informationen &#8211; Bedingungen f\u00fcr die Nutzung der Website Die Nutzung der Website des Naturparks Hohes Venn Eifel unterliegt den nachfolgend beschriebenen allgemeinen Nutzungsbedingungen. Mit dem Zugriff [&hellip;]<\/p>\n","protected":false},"author":1,"featured_media":0,"parent":0,"menu_order":0,"comment_status":"closed","ping_status":"closed","template":"template-blank.php","meta":{"_acf_changed":false,"inline_featured_image":false,"_monsterinsights_skip_tracking":false,"_monsterinsights_sitenote_active":false,"_monsterinsights_sitenote_note":"","_monsterinsights_sitenote_category":0,"footnotes":""},"class_list":["post-13506","page","type-page","status-publish","hentry"],"acf":[],"yoast_head":"<!-- This site is optimized with the Yoast SEO plugin v27.4 - https:\/\/yoast.com\/product\/yoast-seo-wordpress\/ -->\n<title>Allgemeine Gesch\u00e4ftsbedingungen - Parc naturel Hautes Fagnes-Eifel<\/title>\n<meta name=\"robots\" content=\"index, follow, max-snippet:-1, max-image-preview:large, max-video-preview:-1\" \/>\n<link rel=\"canonical\" href=\"https:\/\/botrange.be\/de\/allgemeine-geschaeftsbedingungen\/\" \/>\n<meta property=\"og:locale\" content=\"de_DE\" \/>\n<meta property=\"og:type\" content=\"article\" \/>\n<meta property=\"og:title\" content=\"Allgemeine Gesch\u00e4ftsbedingungen - Parc naturel Hautes Fagnes-Eifel\" \/>\n<meta property=\"og:description\" content=\"Allgemeine Gesch\u00e4ftsbedingungen \u00a0 Rechtliche Informationen &#8211; Bedingungen f\u00fcr die Nutzung der Website Die Nutzung der Website des Naturparks Hohes Venn Eifel unterliegt den nachfolgend beschriebenen allgemeinen Nutzungsbedingungen. Mit dem Zugriff [&hellip;]\" \/>\n<meta property=\"og:url\" content=\"https:\/\/botrange.be\/de\/allgemeine-geschaeftsbedingungen\/\" \/>\n<meta property=\"og:site_name\" content=\"Parc naturel Hautes Fagnes-Eifel\" \/>\n<meta property=\"article:modified_time\" content=\"2024-12-11T10:41:53+00:00\" \/>\n<meta name=\"twitter:card\" content=\"summary_large_image\" \/>\n<meta name=\"twitter:label1\" content=\"Gesch\u00e4tzte Lesezeit\" \/>\n\t<meta name=\"twitter:data1\" content=\"3\u00a0Minuten\" \/>\n<script type=\"application\/ld+json\" class=\"yoast-schema-graph\">{\"@context\":\"https:\\\/\\\/schema.org\",\"@graph\":[{\"@type\":\"WebPage\",\"@id\":\"https:\\\/\\\/botrange.be\\\/de\\\/allgemeine-geschaeftsbedingungen\\\/\",\"url\":\"https:\\\/\\\/botrange.be\\\/de\\\/allgemeine-geschaeftsbedingungen\\\/\",\"name\":\"Allgemeine Gesch\u00e4ftsbedingungen - Parc naturel Hautes Fagnes-Eifel\",\"isPartOf\":{\"@id\":\"https:\\\/\\\/botrange.be\\\/de\\\/#website\"},\"datePublished\":\"2024-12-11T10:35:41+00:00\",\"dateModified\":\"2024-12-11T10:41:53+00:00\",\"breadcrumb\":{\"@id\":\"https:\\\/\\\/botrange.be\\\/de\\\/allgemeine-geschaeftsbedingungen\\\/#breadcrumb\"},\"inLanguage\":\"de\",\"potentialAction\":[{\"@type\":\"ReadAction\",\"target\":[\"https:\\\/\\\/botrange.be\\\/de\\\/allgemeine-geschaeftsbedingungen\\\/\"]}]},{\"@type\":\"BreadcrumbList\",\"@id\":\"https:\\\/\\\/botrange.be\\\/de\\\/allgemeine-geschaeftsbedingungen\\\/#breadcrumb\",\"itemListElement\":[{\"@type\":\"ListItem\",\"position\":1,\"name\":\"Accueil\",\"item\":\"https:\\\/\\\/botrange.be\\\/de\\\/\"},{\"@type\":\"ListItem\",\"position\":2,\"name\":\"Allgemeine Gesch\u00e4ftsbedingungen\"}]},{\"@type\":\"WebSite\",\"@id\":\"https:\\\/\\\/botrange.be\\\/de\\\/#website\",\"url\":\"https:\\\/\\\/botrange.be\\\/de\\\/\",\"name\":\"Parc naturel Hautes Fagnes-Eifel\",\"description\":\"50 ANS 1971-2021\",\"publisher\":{\"@id\":\"https:\\\/\\\/botrange.be\\\/de\\\/#organization\"},\"potentialAction\":[{\"@type\":\"SearchAction\",\"target\":{\"@type\":\"EntryPoint\",\"urlTemplate\":\"https:\\\/\\\/botrange.be\\\/de\\\/?s={search_term_string}\"},\"query-input\":{\"@type\":\"PropertyValueSpecification\",\"valueRequired\":true,\"valueName\":\"search_term_string\"}}],\"inLanguage\":\"de\"},{\"@type\":\"Organization\",\"@id\":\"https:\\\/\\\/botrange.be\\\/de\\\/#organization\",\"name\":\"Parc naturel Hautes Fagnes-Eifel\",\"url\":\"https:\\\/\\\/botrange.be\\\/de\\\/\",\"logo\":{\"@type\":\"ImageObject\",\"inLanguage\":\"de\",\"@id\":\"https:\\\/\\\/botrange.be\\\/de\\\/#\\\/schema\\\/logo\\\/image\\\/\",\"url\":\"https:\\\/\\\/botrange.be\\\/wp-content\\\/uploads\\\/2021\\\/06\\\/logo.svg\",\"contentUrl\":\"https:\\\/\\\/botrange.be\\\/wp-content\\\/uploads\\\/2021\\\/06\\\/logo.svg\",\"caption\":\"Parc naturel Hautes Fagnes-Eifel\"},\"image\":{\"@id\":\"https:\\\/\\\/botrange.be\\\/de\\\/#\\\/schema\\\/logo\\\/image\\\/\"}}]}<\/script>\n<!-- \/ Yoast SEO plugin. -->","yoast_head_json":{"title":"Allgemeine Gesch\u00e4ftsbedingungen - Parc naturel Hautes Fagnes-Eifel","robots":{"index":"index","follow":"follow","max-snippet":"max-snippet:-1","max-image-preview":"max-image-preview:large","max-video-preview":"max-video-preview:-1"},"canonical":"https:\/\/botrange.be\/de\/allgemeine-geschaeftsbedingungen\/","og_locale":"de_DE","og_type":"article","og_title":"Allgemeine Gesch\u00e4ftsbedingungen - Parc naturel Hautes Fagnes-Eifel","og_description":"Allgemeine Gesch\u00e4ftsbedingungen \u00a0 Rechtliche Informationen &#8211; Bedingungen f\u00fcr die Nutzung der Website Die Nutzung der Website des Naturparks Hohes Venn Eifel unterliegt den nachfolgend beschriebenen allgemeinen Nutzungsbedingungen. Mit dem Zugriff [&hellip;]","og_url":"https:\/\/botrange.be\/de\/allgemeine-geschaeftsbedingungen\/","og_site_name":"Parc naturel Hautes Fagnes-Eifel","article_modified_time":"2024-12-11T10:41:53+00:00","twitter_card":"summary_large_image","twitter_misc":{"Gesch\u00e4tzte Lesezeit":"3\u00a0Minuten"},"schema":{"@context":"https:\/\/schema.org","@graph":[{"@type":"WebPage","@id":"https:\/\/botrange.be\/de\/allgemeine-geschaeftsbedingungen\/","url":"https:\/\/botrange.be\/de\/allgemeine-geschaeftsbedingungen\/","name":"Allgemeine Gesch\u00e4ftsbedingungen - Parc naturel Hautes Fagnes-Eifel","isPartOf":{"@id":"https:\/\/botrange.be\/de\/#website"},"datePublished":"2024-12-11T10:35:41+00:00","dateModified":"2024-12-11T10:41:53+00:00","breadcrumb":{"@id":"https:\/\/botrange.be\/de\/allgemeine-geschaeftsbedingungen\/#breadcrumb"},"inLanguage":"de","potentialAction":[{"@type":"ReadAction","target":["https:\/\/botrange.be\/de\/allgemeine-geschaeftsbedingungen\/"]}]},{"@type":"BreadcrumbList","@id":"https:\/\/botrange.be\/de\/allgemeine-geschaeftsbedingungen\/#breadcrumb","itemListElement":[{"@type":"ListItem","position":1,"name":"Accueil","item":"https:\/\/botrange.be\/de\/"},{"@type":"ListItem","position":2,"name":"Allgemeine Gesch\u00e4ftsbedingungen"}]},{"@type":"WebSite","@id":"https:\/\/botrange.be\/de\/#website","url":"https:\/\/botrange.be\/de\/","name":"Parc naturel Hautes Fagnes-Eifel","description":"50 ANS 1971-2021","publisher":{"@id":"https:\/\/botrange.be\/de\/#organization"},"potentialAction":[{"@type":"SearchAction","target":{"@type":"EntryPoint","urlTemplate":"https:\/\/botrange.be\/de\/?s={search_term_string}"},"query-input":{"@type":"PropertyValueSpecification","valueRequired":true,"valueName":"search_term_string"}}],"inLanguage":"de"},{"@type":"Organization","@id":"https:\/\/botrange.be\/de\/#organization","name":"Parc naturel Hautes Fagnes-Eifel","url":"https:\/\/botrange.be\/de\/","logo":{"@type":"ImageObject","inLanguage":"de","@id":"https:\/\/botrange.be\/de\/#\/schema\/logo\/image\/","url":"https:\/\/botrange.be\/wp-content\/uploads\/2021\/06\/logo.svg","contentUrl":"https:\/\/botrange.be\/wp-content\/uploads\/2021\/06\/logo.svg","caption":"Parc naturel Hautes Fagnes-Eifel"},"image":{"@id":"https:\/\/botrange.be\/de\/#\/schema\/logo\/image\/"}}]}},"_links":{"self":[{"href":"https:\/\/botrange.be\/de\/wp-json\/wp\/v2\/pages\/13506","targetHints":{"allow":["GET"]}}],"collection":[{"href":"https:\/\/botrange.be\/de\/wp-json\/wp\/v2\/pages"}],"about":[{"href":"https:\/\/botrange.be\/de\/wp-json\/wp\/v2\/types\/page"}],"author":[{"embeddable":true,"href":"https:\/\/botrange.be\/de\/wp-json\/wp\/v2\/users\/1"}],"replies":[{"embeddable":true,"href":"https:\/\/botrange.be\/de\/wp-json\/wp\/v2\/comments?post=13506"}],"version-history":[{"count":4,"href":"https:\/\/botrange.be\/de\/wp-json\/wp\/v2\/pages\/13506\/revisions"}],"predecessor-version":[{"id":13512,"href":"https:\/\/botrange.be\/de\/wp-json\/wp\/v2\/pages\/13506\/revisions\/13512"}],"wp:attachment":[{"href":"https:\/\/botrange.be\/de\/wp-json\/wp\/v2\/media?parent=13506"}],"curies":[{"name":"wp","href":"https:\/\/api.w.org\/{rel}","templated":true}]}}