{"id":13983,"date":"2025-03-11T12:19:29","date_gmt":"2025-03-11T11:19:29","guid":{"rendered":"https:\/\/botrange.be\/impressum\/"},"modified":"2025-03-11T12:19:31","modified_gmt":"2025-03-11T11:19:31","slug":"impressum","status":"publish","type":"page","link":"https:\/\/botrange.be\/de\/impressum\/","title":{"rendered":"Impressum"},"content":{"rendered":"\t\t<div data-elementor-type=\"wp-page\" data-elementor-id=\"13983\" class=\"elementor elementor-13983 elementor-13328\" data-elementor-post-type=\"page\">\n\t\t\t\t\t\t<section class=\"elementor-section elementor-top-section elementor-element elementor-element-da85460 elementor-section-boxed elementor-section-height-default elementor-section-height-default\" data-id=\"da85460\" data-element_type=\"section\" data-e-type=\"section\">\n\t\t\t\t\t\t<div class=\"elementor-container elementor-column-gap-default\">\n\t\t\t\t\t<div class=\"elementor-column elementor-col-100 elementor-top-column elementor-element elementor-element-91e0ed4\" data-id=\"91e0ed4\" data-element_type=\"column\" data-e-type=\"column\">\n\t\t\t<div class=\"elementor-widget-wrap elementor-element-populated\">\n\t\t\t\t\t\t<div class=\"elementor-element elementor-element-f158c57 elementor-widget elementor-widget-heading\" data-id=\"f158c57\" data-element_type=\"widget\" data-e-type=\"widget\" data-widget_type=\"heading.default\">\n\t\t\t\t<div class=\"elementor-widget-container\">\n\t\t\t\t\t<h2 class=\"elementor-heading-title elementor-size-default\">Herausgeber der Website<\/h2>\t\t\t\t<\/div>\n\t\t\t\t<\/div>\n\t\t\t\t\t<\/div>\n\t\t<\/div>\n\t\t\t\t\t<\/div>\n\t\t<\/section>\n\t\t\t\t<section class=\"elementor-section elementor-top-section elementor-element elementor-element-8b3c851 elementor-section-boxed elementor-section-height-default elementor-section-height-default\" data-id=\"8b3c851\" data-element_type=\"section\" data-e-type=\"section\">\n\t\t\t\t\t\t<div class=\"elementor-container elementor-column-gap-default\">\n\t\t\t\t\t<div class=\"elementor-column elementor-col-100 elementor-top-column elementor-element elementor-element-56a95a3\" data-id=\"56a95a3\" data-element_type=\"column\" data-e-type=\"column\">\n\t\t\t<div class=\"elementor-widget-wrap elementor-element-populated\">\n\t\t\t\t\t\t<div class=\"elementor-element elementor-element-d51a87d elementor-widget elementor-widget-text-editor\" data-id=\"d51a87d\" data-element_type=\"widget\" data-e-type=\"widget\" data-widget_type=\"text-editor.default\">\n\t\t\t\t<div class=\"elementor-widget-container\">\n\t\t\t\t\t\t\t\t\t<p data-start=\"2072\" data-end=\"2155\">Die Website <strong data-start=\"2084\" data-end=\"2099\">botrange.be<\/strong> ist Eigentum der <strong data-start=\"2117\" data-end=\"2152\">ASBL Naturpark Hohes Venn-Eifel<\/strong>.<\/p>\n<p data-start=\"2157\" data-end=\"2348\"><strong data-start=\"2157\" data-end=\"2166\">Sitz:<\/strong> Rue de Botrange 131, B-4950 Waimes<br data-start=\"2201\" data-end=\"2204\" \/><strong data-start=\"2204\" data-end=\"2216\">Telefon:<\/strong> +32 (0)80 44 03 00<br data-start=\"2235\" data-end=\"2238\" \/><strong data-start=\"2238\" data-end=\"2249\">E-Mail:<\/strong> <a rel=\"noopener\" data-start=\"2250\" data-end=\"2266\">info@botrange.be<\/a><br data-start=\"2266\" data-end=\"2269\" \/><strong data-start=\"2269\" data-end=\"2284\">Rechtsform:<\/strong> ASBL<br data-start=\"2289\" data-end=\"2292\" \/><strong data-start=\"2292\" data-end=\"2331\">Umsatzsteuer-Identifikationsnummer:<\/strong> BE0408.102.358<\/p>\n\t\t\t\t\t\t\t\t<\/div>\n\t\t\t\t<\/div>\n\t\t\t\t\t<\/div>\n\t\t<\/div>\n\t\t\t\t\t<\/div>\n\t\t<\/section>\n\t\t\t\t<section class=\"elementor-section elementor-top-section elementor-element elementor-element-7db3023 elementor-section-boxed elementor-section-height-default elementor-section-height-default\" data-id=\"7db3023\" data-element_type=\"section\" data-e-type=\"section\">\n\t\t\t\t\t\t<div class=\"elementor-container elementor-column-gap-default\">\n\t\t\t\t\t<div class=\"elementor-column elementor-col-100 elementor-top-column elementor-element elementor-element-10ac901\" data-id=\"10ac901\" data-element_type=\"column\" data-e-type=\"column\">\n\t\t\t<div class=\"elementor-widget-wrap elementor-element-populated\">\n\t\t\t\t\t\t<div class=\"elementor-element elementor-element-7328983 elementor-widget elementor-widget-heading\" data-id=\"7328983\" data-element_type=\"widget\" data-e-type=\"widget\" data-widget_type=\"heading.default\">\n\t\t\t\t<div class=\"elementor-widget-container\">\n\t\t\t\t\t<h2 class=\"elementor-heading-title elementor-size-default\">Erstellung und Hosting der Website<\/h2>\t\t\t\t<\/div>\n\t\t\t\t<\/div>\n\t\t\t\t\t<\/div>\n\t\t<\/div>\n\t\t\t\t\t<\/div>\n\t\t<\/section>\n\t\t\t\t<section class=\"elementor-section elementor-top-section elementor-element elementor-element-13609a2 elementor-section-boxed elementor-section-height-default elementor-section-height-default\" data-id=\"13609a2\" data-element_type=\"section\" data-e-type=\"section\">\n\t\t\t\t\t\t<div class=\"elementor-container elementor-column-gap-default\">\n\t\t\t\t\t<div class=\"elementor-column elementor-col-100 elementor-top-column elementor-element elementor-element-6bc6221\" data-id=\"6bc6221\" data-element_type=\"column\" data-e-type=\"column\">\n\t\t\t<div class=\"elementor-widget-wrap elementor-element-populated\">\n\t\t\t\t\t\t<div class=\"elementor-element elementor-element-63d2543 elementor-widget elementor-widget-text-editor\" data-id=\"63d2543\" data-element_type=\"widget\" data-e-type=\"widget\" data-widget_type=\"text-editor.default\">\n\t\t\t\t<div class=\"elementor-widget-container\">\n\t\t\t\t\t\t\t\t\t<p>Die Gesellschaft mit beschr\u00e4nkter Haftung <strong data-start=\"2439\" data-end=\"2450\">Visible<\/strong>, mit Sitz in <strong data-start=\"2464\" data-end=\"2500\">B-4040 Herstal, Dritte Avenue 24<\/strong>, und registriert unter der USt-ID <strong data-start=\"2535\" data-end=\"2553\">BE0465 349 679<\/strong>.<\/p>\n\t\t\t\t\t\t\t\t<\/div>\n\t\t\t\t<\/div>\n\t\t\t\t\t<\/div>\n\t\t<\/div>\n\t\t\t\t\t<\/div>\n\t\t<\/section>\n\t\t\t\t<section class=\"elementor-section elementor-top-section elementor-element elementor-element-a7555f9 elementor-section-boxed elementor-section-height-default elementor-section-height-default\" data-id=\"a7555f9\" data-element_type=\"section\" data-e-type=\"section\">\n\t\t\t\t\t\t<div class=\"elementor-container elementor-column-gap-default\">\n\t\t\t\t\t<div class=\"elementor-column elementor-col-100 elementor-top-column elementor-element elementor-element-1770f52\" data-id=\"1770f52\" data-element_type=\"column\" data-e-type=\"column\">\n\t\t\t<div class=\"elementor-widget-wrap elementor-element-populated\">\n\t\t\t\t\t\t<div class=\"elementor-element elementor-element-0950857 elementor-widget elementor-widget-heading\" data-id=\"0950857\" data-element_type=\"widget\" data-e-type=\"widget\" data-widget_type=\"heading.default\">\n\t\t\t\t<div class=\"elementor-widget-container\">\n\t\t\t\t\t<h2 class=\"elementor-heading-title elementor-size-default\">\u00c4nderungen<\/h2>\t\t\t\t<\/div>\n\t\t\t\t<\/div>\n\t\t\t\t\t<\/div>\n\t\t<\/div>\n\t\t\t\t\t<\/div>\n\t\t<\/section>\n\t\t\t\t<section class=\"elementor-section elementor-top-section elementor-element elementor-element-5bcf9c5 elementor-section-boxed elementor-section-height-default elementor-section-height-default\" data-id=\"5bcf9c5\" data-element_type=\"section\" data-e-type=\"section\">\n\t\t\t\t\t\t<div class=\"elementor-container elementor-column-gap-default\">\n\t\t\t\t\t<div class=\"elementor-column elementor-col-100 elementor-top-column elementor-element elementor-element-2035700\" data-id=\"2035700\" data-element_type=\"column\" data-e-type=\"column\">\n\t\t\t<div class=\"elementor-widget-wrap elementor-element-populated\">\n\t\t\t\t\t\t<div class=\"elementor-element elementor-element-44bf4a7 elementor-widget elementor-widget-text-editor\" data-id=\"44bf4a7\" data-element_type=\"widget\" data-e-type=\"widget\" data-widget_type=\"text-editor.default\">\n\t\t\t\t<div class=\"elementor-widget-container\">\n\t\t\t\t\t\t\t\t\t<p>Durch den Zugriff auf diese Website und das Navigieren darauf wird der Nutzer \u00fcber seine Rechte und Pflichten informiert. Er akzeptiert vollst\u00e4ndig die Nutzungsbedingungen der Website. Der Herausgeber der Website beh\u00e4lt sich das Recht vor, diese Bedingungen zu \u00e4ndern. Es liegt in der Verantwortung des Nutzers, den Inhalt der relevanten Dokumente regelm\u00e4\u00dfig zu \u00fcberpr\u00fcfen. Der Herausgeber beh\u00e4lt sich au\u00dferdem das Recht vor, die Website ganz oder teilweise zu \u00e4ndern oder zu entfernen.<\/p>\n\t\t\t\t\t\t\t\t<\/div>\n\t\t\t\t<\/div>\n\t\t\t\t\t<\/div>\n\t\t<\/div>\n\t\t\t\t\t<\/div>\n\t\t<\/section>\n\t\t\t\t<section class=\"elementor-section elementor-top-section elementor-element elementor-element-85317a1 elementor-section-boxed elementor-section-height-default elementor-section-height-default\" data-id=\"85317a1\" data-element_type=\"section\" data-e-type=\"section\">\n\t\t\t\t\t\t<div class=\"elementor-container elementor-column-gap-default\">\n\t\t\t\t\t<div class=\"elementor-column elementor-col-100 elementor-top-column elementor-element elementor-element-7cce2ea\" data-id=\"7cce2ea\" data-element_type=\"column\" data-e-type=\"column\">\n\t\t\t<div class=\"elementor-widget-wrap elementor-element-populated\">\n\t\t\t\t\t\t<div class=\"elementor-element elementor-element-473cc37 elementor-widget elementor-widget-heading\" data-id=\"473cc37\" data-element_type=\"widget\" data-e-type=\"widget\" data-widget_type=\"heading.default\">\n\t\t\t\t<div class=\"elementor-widget-container\">\n\t\t\t\t\t<h2 class=\"elementor-heading-title elementor-size-default\">Verantwortlichkeiten der Herausgebergs<\/h2>\t\t\t\t<\/div>\n\t\t\t\t<\/div>\n\t\t\t\t\t<\/div>\n\t\t<\/div>\n\t\t\t\t\t<\/div>\n\t\t<\/section>\n\t\t\t\t<section class=\"elementor-section elementor-top-section elementor-element elementor-element-d44f9a0 elementor-section-boxed elementor-section-height-default elementor-section-height-default\" data-id=\"d44f9a0\" data-element_type=\"section\" data-e-type=\"section\">\n\t\t\t\t\t\t<div class=\"elementor-container elementor-column-gap-default\">\n\t\t\t\t\t<div class=\"elementor-column elementor-col-100 elementor-top-column elementor-element elementor-element-310f602\" data-id=\"310f602\" data-element_type=\"column\" data-e-type=\"column\">\n\t\t\t<div class=\"elementor-widget-wrap elementor-element-populated\">\n\t\t\t\t\t\t<div class=\"elementor-element elementor-element-68d4411 elementor-widget elementor-widget-text-editor\" data-id=\"68d4411\" data-element_type=\"widget\" data-e-type=\"widget\" data-widget_type=\"text-editor.default\">\n\t\t\t\t<div class=\"elementor-widget-container\">\n\t\t\t\t\t\t\t\t\t<p>Der Herausgeber bem\u00fcht sich, die Richtigkeit und Aktualit\u00e4t aller auf der Website verf\u00fcgbaren Informationen sicherzustellen. Allerdings kann er nicht garantieren, dass die Informationen jederzeit vollst\u00e4ndig, korrekt, genau und fehlerfrei sind. Die <strong data-start=\"3370\" data-end=\"3405\">ASBL Naturpark Hohes Venn-Eifel<\/strong> verpflichtet sich, etwaige Fehler, die von einem Nutzer gemeldet werden, so schnell wie m\u00f6glich zu korrigieren.<\/p>\n\t\t\t\t\t\t\t\t<\/div>\n\t\t\t\t<\/div>\n\t\t\t\t\t<\/div>\n\t\t<\/div>\n\t\t\t\t\t<\/div>\n\t\t<\/section>\n\t\t\t\t<section class=\"elementor-section elementor-top-section elementor-element elementor-element-d2e0a42 elementor-section-boxed elementor-section-height-default elementor-section-height-default\" data-id=\"d2e0a42\" data-element_type=\"section\" data-e-type=\"section\">\n\t\t\t\t\t\t<div class=\"elementor-container elementor-column-gap-default\">\n\t\t\t\t\t<div class=\"elementor-column elementor-col-100 elementor-top-column elementor-element elementor-element-597b044\" data-id=\"597b044\" data-element_type=\"column\" data-e-type=\"column\">\n\t\t\t<div class=\"elementor-widget-wrap elementor-element-populated\">\n\t\t\t\t\t\t<div class=\"elementor-element elementor-element-2168f35 elementor-widget elementor-widget-heading\" data-id=\"2168f35\" data-element_type=\"widget\" data-e-type=\"widget\" data-widget_type=\"heading.default\">\n\t\t\t\t<div class=\"elementor-widget-container\">\n\t\t\t\t\t<h2 class=\"elementor-heading-title elementor-size-default\">Zug\u00e4nglichkeit<\/h2>\t\t\t\t<\/div>\n\t\t\t\t<\/div>\n\t\t\t\t\t<\/div>\n\t\t<\/div>\n\t\t\t\t\t<\/div>\n\t\t<\/section>\n\t\t\t\t<section class=\"elementor-section elementor-top-section elementor-element elementor-element-cc69d8a elementor-section-boxed elementor-section-height-default elementor-section-height-default\" data-id=\"cc69d8a\" data-element_type=\"section\" data-e-type=\"section\">\n\t\t\t\t\t\t<div class=\"elementor-container elementor-column-gap-default\">\n\t\t\t\t\t<div class=\"elementor-column elementor-col-100 elementor-top-column elementor-element elementor-element-445f686\" data-id=\"445f686\" data-element_type=\"column\" data-e-type=\"column\">\n\t\t\t<div class=\"elementor-widget-wrap elementor-element-populated\">\n\t\t\t\t\t\t<div class=\"elementor-element elementor-element-bfc8046 elementor-widget elementor-widget-text-editor\" data-id=\"bfc8046\" data-element_type=\"widget\" data-e-type=\"widget\" data-widget_type=\"text-editor.default\">\n\t\t\t\t<div class=\"elementor-widget-container\">\n\t\t\t\t\t\t\t\t\t<p>Die Website ist <strong data-start=\"3564\" data-end=\"3572\">24\/7<\/strong> zug\u00e4nglich, au\u00dfer im Falle einer geplanten oder ungeplanten Unterbrechung f\u00fcr Wartungsarbeiten oder bei h\u00f6herer Gewalt. Sollte die Website nicht verf\u00fcgbar sein, verpflichtet sich der Herausgeber, alles zu tun, um den Zugang so schnell wie m\u00f6glich wiederherzustellen. Der Herausgeber kann nicht f\u00fcr Sch\u00e4den jeglicher Art haftbar gemacht werden, die sich aus der Nichtverf\u00fcgbarkeit der Website ergeben.<\/p>\n\t\t\t\t\t\t\t\t<\/div>\n\t\t\t\t<\/div>\n\t\t\t\t\t<\/div>\n\t\t<\/div>\n\t\t\t\t\t<\/div>\n\t\t<\/section>\n\t\t\t\t<\/div>\n\t\t","protected":false},"excerpt":{"rendered":"<p class=\"excerpt\">Herausgeber der Website Die Website botrange.be ist Eigentum der ASBL Naturpark Hohes Venn-Eifel. Sitz: Rue de Botrange 131, B-4950 WaimesTelefon: +32 (0)80 44 03 00E-Mail: info@botrange.beRechtsform: ASBLUmsatzsteuer-Identifikationsnummer: BE0408.102.358 Erstellung und [&hellip;]<\/p>\n","protected":false},"author":6,"featured_media":0,"parent":0,"menu_order":0,"comment_status":"closed","ping_status":"closed","template":"template-blank.php","meta":{"_acf_changed":false,"inline_featured_image":false,"_monsterinsights_skip_tracking":false,"_monsterinsights_sitenote_active":false,"_monsterinsights_sitenote_note":"","_monsterinsights_sitenote_category":0,"footnotes":""},"class_list":["post-13983","page","type-page","status-publish","hentry"],"acf":[],"yoast_head":"<!-- This site is optimized with the Yoast SEO plugin v27.4 - https:\/\/yoast.com\/product\/yoast-seo-wordpress\/ -->\n<title>Impressum - Parc naturel Hautes Fagnes-Eifel<\/title>\n<meta name=\"robots\" content=\"index, follow, max-snippet:-1, max-image-preview:large, max-video-preview:-1\" \/>\n<link rel=\"canonical\" href=\"https:\/\/botrange.be\/de\/impressum\/\" \/>\n<meta property=\"og:locale\" content=\"de_DE\" \/>\n<meta property=\"og:type\" content=\"article\" \/>\n<meta property=\"og:title\" content=\"Impressum - Parc naturel Hautes Fagnes-Eifel\" \/>\n<meta property=\"og:description\" content=\"Herausgeber der Website Die Website botrange.be ist Eigentum der ASBL Naturpark Hohes Venn-Eifel. Sitz: Rue de Botrange 131, B-4950 WaimesTelefon: +32 (0)80 44 03 00E-Mail: info@botrange.beRechtsform: ASBLUmsatzsteuer-Identifikationsnummer: BE0408.102.358 Erstellung und [&hellip;]\" \/>\n<meta property=\"og:url\" content=\"https:\/\/botrange.be\/de\/impressum\/\" \/>\n<meta property=\"og:site_name\" content=\"Parc naturel Hautes Fagnes-Eifel\" \/>\n<meta property=\"article:modified_time\" content=\"2025-03-11T11:19:31+00:00\" \/>\n<meta name=\"twitter:card\" content=\"summary_large_image\" \/>\n<meta name=\"twitter:label1\" content=\"Gesch\u00e4tzte Lesezeit\" \/>\n\t<meta name=\"twitter:data1\" content=\"1\u00a0Minute\" \/>\n<script type=\"application\/ld+json\" class=\"yoast-schema-graph\">{\"@context\":\"https:\\\/\\\/schema.org\",\"@graph\":[{\"@type\":\"WebPage\",\"@id\":\"https:\\\/\\\/botrange.be\\\/de\\\/impressum\\\/\",\"url\":\"https:\\\/\\\/botrange.be\\\/de\\\/impressum\\\/\",\"name\":\"Impressum - Parc naturel Hautes Fagnes-Eifel\",\"isPartOf\":{\"@id\":\"https:\\\/\\\/botrange.be\\\/de\\\/#website\"},\"datePublished\":\"2025-03-11T11:19:29+00:00\",\"dateModified\":\"2025-03-11T11:19:31+00:00\",\"breadcrumb\":{\"@id\":\"https:\\\/\\\/botrange.be\\\/de\\\/impressum\\\/#breadcrumb\"},\"inLanguage\":\"de\",\"potentialAction\":[{\"@type\":\"ReadAction\",\"target\":[\"https:\\\/\\\/botrange.be\\\/de\\\/impressum\\\/\"]}]},{\"@type\":\"BreadcrumbList\",\"@id\":\"https:\\\/\\\/botrange.be\\\/de\\\/impressum\\\/#breadcrumb\",\"itemListElement\":[{\"@type\":\"ListItem\",\"position\":1,\"name\":\"Accueil\",\"item\":\"https:\\\/\\\/botrange.be\\\/de\\\/\"},{\"@type\":\"ListItem\",\"position\":2,\"name\":\"Impressum\"}]},{\"@type\":\"WebSite\",\"@id\":\"https:\\\/\\\/botrange.be\\\/de\\\/#website\",\"url\":\"https:\\\/\\\/botrange.be\\\/de\\\/\",\"name\":\"Parc naturel Hautes Fagnes-Eifel\",\"description\":\"50 ANS 1971-2021\",\"publisher\":{\"@id\":\"https:\\\/\\\/botrange.be\\\/de\\\/#organization\"},\"potentialAction\":[{\"@type\":\"SearchAction\",\"target\":{\"@type\":\"EntryPoint\",\"urlTemplate\":\"https:\\\/\\\/botrange.be\\\/de\\\/?s={search_term_string}\"},\"query-input\":{\"@type\":\"PropertyValueSpecification\",\"valueRequired\":true,\"valueName\":\"search_term_string\"}}],\"inLanguage\":\"de\"},{\"@type\":\"Organization\",\"@id\":\"https:\\\/\\\/botrange.be\\\/de\\\/#organization\",\"name\":\"Parc naturel Hautes Fagnes-Eifel\",\"url\":\"https:\\\/\\\/botrange.be\\\/de\\\/\",\"logo\":{\"@type\":\"ImageObject\",\"inLanguage\":\"de\",\"@id\":\"https:\\\/\\\/botrange.be\\\/de\\\/#\\\/schema\\\/logo\\\/image\\\/\",\"url\":\"https:\\\/\\\/botrange.be\\\/wp-content\\\/uploads\\\/2021\\\/06\\\/logo.svg\",\"contentUrl\":\"https:\\\/\\\/botrange.be\\\/wp-content\\\/uploads\\\/2021\\\/06\\\/logo.svg\",\"caption\":\"Parc naturel Hautes Fagnes-Eifel\"},\"image\":{\"@id\":\"https:\\\/\\\/botrange.be\\\/de\\\/#\\\/schema\\\/logo\\\/image\\\/\"}}]}<\/script>\n<!-- \/ Yoast SEO plugin. -->","yoast_head_json":{"title":"Impressum - Parc naturel Hautes Fagnes-Eifel","robots":{"index":"index","follow":"follow","max-snippet":"max-snippet:-1","max-image-preview":"max-image-preview:large","max-video-preview":"max-video-preview:-1"},"canonical":"https:\/\/botrange.be\/de\/impressum\/","og_locale":"de_DE","og_type":"article","og_title":"Impressum - Parc naturel Hautes Fagnes-Eifel","og_description":"Herausgeber der Website Die Website botrange.be ist Eigentum der ASBL Naturpark Hohes Venn-Eifel. Sitz: Rue de Botrange 131, B-4950 WaimesTelefon: +32 (0)80 44 03 00E-Mail: info@botrange.beRechtsform: ASBLUmsatzsteuer-Identifikationsnummer: BE0408.102.358 Erstellung und [&hellip;]","og_url":"https:\/\/botrange.be\/de\/impressum\/","og_site_name":"Parc naturel Hautes Fagnes-Eifel","article_modified_time":"2025-03-11T11:19:31+00:00","twitter_card":"summary_large_image","twitter_misc":{"Gesch\u00e4tzte Lesezeit":"1\u00a0Minute"},"schema":{"@context":"https:\/\/schema.org","@graph":[{"@type":"WebPage","@id":"https:\/\/botrange.be\/de\/impressum\/","url":"https:\/\/botrange.be\/de\/impressum\/","name":"Impressum - Parc naturel Hautes Fagnes-Eifel","isPartOf":{"@id":"https:\/\/botrange.be\/de\/#website"},"datePublished":"2025-03-11T11:19:29+00:00","dateModified":"2025-03-11T11:19:31+00:00","breadcrumb":{"@id":"https:\/\/botrange.be\/de\/impressum\/#breadcrumb"},"inLanguage":"de","potentialAction":[{"@type":"ReadAction","target":["https:\/\/botrange.be\/de\/impressum\/"]}]},{"@type":"BreadcrumbList","@id":"https:\/\/botrange.be\/de\/impressum\/#breadcrumb","itemListElement":[{"@type":"ListItem","position":1,"name":"Accueil","item":"https:\/\/botrange.be\/de\/"},{"@type":"ListItem","position":2,"name":"Impressum"}]},{"@type":"WebSite","@id":"https:\/\/botrange.be\/de\/#website","url":"https:\/\/botrange.be\/de\/","name":"Parc naturel Hautes Fagnes-Eifel","description":"50 ANS 1971-2021","publisher":{"@id":"https:\/\/botrange.be\/de\/#organization"},"potentialAction":[{"@type":"SearchAction","target":{"@type":"EntryPoint","urlTemplate":"https:\/\/botrange.be\/de\/?s={search_term_string}"},"query-input":{"@type":"PropertyValueSpecification","valueRequired":true,"valueName":"search_term_string"}}],"inLanguage":"de"},{"@type":"Organization","@id":"https:\/\/botrange.be\/de\/#organization","name":"Parc naturel Hautes Fagnes-Eifel","url":"https:\/\/botrange.be\/de\/","logo":{"@type":"ImageObject","inLanguage":"de","@id":"https:\/\/botrange.be\/de\/#\/schema\/logo\/image\/","url":"https:\/\/botrange.be\/wp-content\/uploads\/2021\/06\/logo.svg","contentUrl":"https:\/\/botrange.be\/wp-content\/uploads\/2021\/06\/logo.svg","caption":"Parc naturel Hautes Fagnes-Eifel"},"image":{"@id":"https:\/\/botrange.be\/de\/#\/schema\/logo\/image\/"}}]}},"_links":{"self":[{"href":"https:\/\/botrange.be\/de\/wp-json\/wp\/v2\/pages\/13983","targetHints":{"allow":["GET"]}}],"collection":[{"href":"https:\/\/botrange.be\/de\/wp-json\/wp\/v2\/pages"}],"about":[{"href":"https:\/\/botrange.be\/de\/wp-json\/wp\/v2\/types\/page"}],"author":[{"embeddable":true,"href":"https:\/\/botrange.be\/de\/wp-json\/wp\/v2\/users\/6"}],"replies":[{"embeddable":true,"href":"https:\/\/botrange.be\/de\/wp-json\/wp\/v2\/comments?post=13983"}],"version-history":[{"count":1,"href":"https:\/\/botrange.be\/de\/wp-json\/wp\/v2\/pages\/13983\/revisions"}],"predecessor-version":[{"id":13984,"href":"https:\/\/botrange.be\/de\/wp-json\/wp\/v2\/pages\/13983\/revisions\/13984"}],"wp:attachment":[{"href":"https:\/\/botrange.be\/de\/wp-json\/wp\/v2\/media?parent=13983"}],"curies":[{"name":"wp","href":"https:\/\/api.w.org\/{rel}","templated":true}]}}