{"id":2941,"date":"2021-09-08T14:10:25","date_gmt":"2021-09-08T14:10:25","guid":{"rendered":"https:\/\/botrange.be\/nieuws\/"},"modified":"2021-09-08T14:10:25","modified_gmt":"2021-09-08T14:10:25","slug":"nieuws","status":"publish","type":"page","link":"https:\/\/botrange.be\/nl\/natuurpark-van-hoge-venen-eifel\/nieuws\/","title":{"rendered":"Nieuws"},"content":{"rendered":"\t\t<div data-elementor-type=\"wp-page\" data-elementor-id=\"2941\" class=\"elementor elementor-2941 elementor-1182\" data-elementor-post-type=\"page\">\n\t\t\t\t\t\t<section class=\"elementor-section elementor-top-section elementor-element elementor-element-ba10557 elementor-section-boxed elementor-section-height-default elementor-section-height-default\" data-id=\"ba10557\" data-element_type=\"section\">\n\t\t\t\t\t\t<div class=\"elementor-container elementor-column-gap-default\">\n\t\t\t\t\t<div class=\"elementor-column elementor-col-100 elementor-top-column elementor-element elementor-element-b36984a\" data-id=\"b36984a\" data-element_type=\"column\">\n\t\t\t<div class=\"elementor-widget-wrap elementor-element-populated\">\n\t\t\t\t\t\t<div class=\"elementor-element elementor-element-5cca923 elementor-widget elementor-widget-heading\" data-id=\"5cca923\" data-element_type=\"widget\" data-widget_type=\"heading.default\">\n\t\t\t\t<div class=\"elementor-widget-container\">\n\t\t\t\t\t<h1 class=\"elementor-heading-title elementor-size-default\">Nieuws<\/h1>\t\t\t\t<\/div>\n\t\t\t\t<\/div>\n\t\t\t\t<div class=\"elementor-element elementor-element-1caec90 elementor-posts__hover-none elementor-grid-3 elementor-grid-tablet-2 elementor-grid-mobile-1 elementor-posts--thumbnail-top elementor-card-shadow-yes elementor-widget elementor-widget-posts\" data-id=\"1caec90\" data-element_type=\"widget\" data-settings=\"{&quot;cards_columns&quot;:&quot;3&quot;,&quot;cards_columns_tablet&quot;:&quot;2&quot;,&quot;cards_columns_mobile&quot;:&quot;1&quot;,&quot;cards_row_gap&quot;:{&quot;unit&quot;:&quot;px&quot;,&quot;size&quot;:35,&quot;sizes&quot;:[]},&quot;cards_row_gap_widescreen&quot;:{&quot;unit&quot;:&quot;px&quot;,&quot;size&quot;:&quot;&quot;,&quot;sizes&quot;:[]},&quot;cards_row_gap_laptop&quot;:{&quot;unit&quot;:&quot;px&quot;,&quot;size&quot;:&quot;&quot;,&quot;sizes&quot;:[]},&quot;cards_row_gap_tablet&quot;:{&quot;unit&quot;:&quot;px&quot;,&quot;size&quot;:&quot;&quot;,&quot;sizes&quot;:[]},&quot;cards_row_gap_mobile&quot;:{&quot;unit&quot;:&quot;px&quot;,&quot;size&quot;:&quot;&quot;,&quot;sizes&quot;:[]}}\" data-widget_type=\"posts.cards\">\n\t\t\t\t<div class=\"elementor-widget-container\">\n\t\t\t\t\t\t\t<div class=\"elementor-posts-container elementor-posts elementor-posts--skin-cards elementor-grid\" role=\"list\">\n\t\t\t\t<article class=\"elementor-post elementor-grid-item post-15323 post type-post status-publish format-standard has-post-thumbnail hentry category-geen-onderdeel-van-een-categorie\" role=\"listitem\">\n\t\t\t<div class=\"elementor-post__card\">\n\t\t\t\t<a class=\"elementor-post__thumbnail__link\" href=\"https:\/\/botrange.be\/nl\/2025\/09\/29\/winteropeningsuren-vanaf-dit-weekend\/\" tabindex=\"-1\" ><div class=\"elementor-post__thumbnail\"><img fetchpriority=\"high\" decoding=\"async\" width=\"480\" height=\"340\" src=\"https:\/\/botrange.be\/wp-content\/uploads\/2025\/07\/Photo-@Stephane-Califice-480x340.jpeg\" class=\"attachment-layers-landscape-medium size-layers-landscape-medium wp-image-15211\" alt=\"\" \/><\/div><\/a>\n\t\t\t\t<div class=\"elementor-post__text\">\n\t\t\t\t<h3 class=\"elementor-post__title\">\n\t\t\t<a href=\"https:\/\/botrange.be\/nl\/2025\/09\/29\/winteropeningsuren-vanaf-dit-weekend\/\" >\n\t\t\t\tWinteropeningsuren vanaf dit weekend!\t\t\t<\/a>\n\t\t<\/h3>\n\t\t\t\t<div class=\"elementor-post__excerpt\">\n\t\t\t<p class=\"excerpt\">Vanaf het eerste oktoberweekend gelden in het Naturparkcentrum de winteropeningsuren! Op weekdagen: 9:00 \u2013 17:00 uurIn het weekend: 10:00 \u2013 17:00 uur<\/p>\n\t\t<\/div>\n\t\t\n\t\t<a class=\"elementor-post__read-more\" href=\"https:\/\/botrange.be\/nl\/2025\/09\/29\/winteropeningsuren-vanaf-dit-weekend\/\" aria-label=\"Lees meer over Winteropeningsuren vanaf dit weekend!\" tabindex=\"-1\" >\n\t\t\tLees meer +\t\t<\/a>\n\n\t\t\t\t<\/div>\n\t\t\t\t\t<\/div>\n\t\t<\/article>\n\t\t\t\t<article class=\"elementor-post elementor-grid-item post-14941 post type-post status-publish format-standard has-post-thumbnail hentry category-geen-onderdeel-van-een-categorie\" role=\"listitem\">\n\t\t\t<div class=\"elementor-post__card\">\n\t\t\t\t<a class=\"elementor-post__thumbnail__link\" href=\"https:\/\/botrange.be\/nl\/2025\/07\/31\/belangrijke-mededeling-sluiting-van-de-bivakzone-gileppe\/\" tabindex=\"-1\" ><div class=\"elementor-post__thumbnail\"><img decoding=\"async\" width=\"480\" height=\"340\" src=\"https:\/\/botrange.be\/wp-content\/uploads\/2022\/06\/gileppe-abri-480x340.jpg\" class=\"attachment-layers-landscape-medium size-layers-landscape-medium wp-image-8017\" alt=\"Abri de la zone de bivouac &quot;La Gileppe&quot;\" \/><\/div><\/a>\n\t\t\t\t<div class=\"elementor-post__text\">\n\t\t\t\t<h3 class=\"elementor-post__title\">\n\t\t\t<a href=\"https:\/\/botrange.be\/nl\/2025\/07\/31\/belangrijke-mededeling-sluiting-van-de-bivakzone-gileppe\/\" >\n\t\t\t\tBELANGRIJKE MEDEDELING &#8211; Sluiting van de bivakzone Gileppe\t\t\t<\/a>\n\t\t<\/h3>\n\t\t\t\t<div class=\"elementor-post__excerpt\">\n\t\t\t<p class=\"excerpt\">Het Departement Natuur en Bos (DNF) heeft ons op de hoogte gebracht van zijn beslissing om de bivakzone van de Gileppe voor onbepaalde tijd te sluiten, wegens herhaalde vaststellingen van<\/p>\n\t\t<\/div>\n\t\t\n\t\t<a class=\"elementor-post__read-more\" href=\"https:\/\/botrange.be\/nl\/2025\/07\/31\/belangrijke-mededeling-sluiting-van-de-bivakzone-gileppe\/\" aria-label=\"Lees meer over BELANGRIJKE MEDEDELING &#8211; Sluiting van de bivakzone Gileppe\" tabindex=\"-1\" >\n\t\t\tLees meer +\t\t<\/a>\n\n\t\t\t\t<\/div>\n\t\t\t\t\t<\/div>\n\t\t<\/article>\n\t\t\t\t<article class=\"elementor-post elementor-grid-item post-14806 post type-post status-publish format-standard has-post-thumbnail hentry category-non-classifiee\" role=\"listitem\">\n\t\t\t<div class=\"elementor-post__card\">\n\t\t\t\t<a class=\"elementor-post__thumbnail__link\" href=\"https:\/\/botrange.be\/nl\/2025\/07\/07\/nieuw-belevingspad-door-de-hagen\/\" tabindex=\"-1\" ><div class=\"elementor-post__thumbnail\"><img decoding=\"async\" width=\"480\" height=\"340\" src=\"https:\/\/botrange.be\/wp-content\/uploads\/2025\/06\/Sentier-des-haies_01.07.25-3-480x340.jpg\" class=\"attachment-layers-landscape-medium size-layers-landscape-medium wp-image-14742\" alt=\"\" \/><\/div><\/a>\n\t\t\t\t<div class=\"elementor-post__text\">\n\t\t\t\t<h3 class=\"elementor-post__title\">\n\t\t\t<a href=\"https:\/\/botrange.be\/nl\/2025\/07\/07\/nieuw-belevingspad-door-de-hagen\/\" >\n\t\t\t\tNIEUW: Belevingspad door de hagen!\t\t\t<\/a>\n\t\t<\/h3>\n\t\t\t\t<div class=\"elementor-post__excerpt\">\n\t\t\t<p class=\"excerpt\">We zijn zeer verheugd u de inhuldiging aan te kondigen van het \u201cOntdekkingspad rond hagen\u201d in de gemeente B\u00fcllingen!Ontdek de fascinerende wereld van hagen \u2013 natuurlijke windbrekers, waardevolle leefgebieden voor<\/p>\n\t\t<\/div>\n\t\t\n\t\t<a class=\"elementor-post__read-more\" href=\"https:\/\/botrange.be\/nl\/2025\/07\/07\/nieuw-belevingspad-door-de-hagen\/\" aria-label=\"Lees meer over NIEUW: Belevingspad door de hagen!\" tabindex=\"-1\" >\n\t\t\tLees meer +\t\t<\/a>\n\n\t\t\t\t<\/div>\n\t\t\t\t\t<\/div>\n\t\t<\/article>\n\t\t\t\t<article class=\"elementor-post elementor-grid-item post-14543 post type-post status-publish format-standard has-post-thumbnail hentry category-geen-onderdeel-van-een-categorie\" role=\"listitem\">\n\t\t\t<div class=\"elementor-post__card\">\n\t\t\t\t<a class=\"elementor-post__thumbnail__link\" href=\"https:\/\/botrange.be\/nl\/2025\/05\/26\/challenge-100-stewards-voor-de-zomer\/\" tabindex=\"-1\" ><div class=\"elementor-post__thumbnail\"><img loading=\"lazy\" decoding=\"async\" width=\"480\" height=\"340\" src=\"https:\/\/botrange.be\/wp-content\/uploads\/2024\/08\/WhatsApp-Image-2024-09-09-at-14.17.10-480x340.jpeg\" class=\"attachment-layers-landscape-medium size-layers-landscape-medium wp-image-12825\" alt=\"\" \/><\/div><\/a>\n\t\t\t\t<div class=\"elementor-post__text\">\n\t\t\t\t<h3 class=\"elementor-post__title\">\n\t\t\t<a href=\"https:\/\/botrange.be\/nl\/2025\/05\/26\/challenge-100-stewards-voor-de-zomer\/\" >\n\t\t\t\tChallenge: 100 stewards voor de zomer !\t\t\t<\/a>\n\t\t<\/h3>\n\t\t\t\t<div class=\"elementor-post__excerpt\">\n\t\t\t<p class=\"excerpt\">Hou je van de natuur, ken je de Hoge Venen of wil je dit bijzondere gebied beter leren kennen? Word dan deel van ons team van 76 vrijwillige stewards en<\/p>\n\t\t<\/div>\n\t\t\n\t\t<a class=\"elementor-post__read-more\" href=\"https:\/\/botrange.be\/nl\/2025\/05\/26\/challenge-100-stewards-voor-de-zomer\/\" aria-label=\"Lees meer over Challenge: 100 stewards voor de zomer !\" tabindex=\"-1\" >\n\t\t\tLees meer +\t\t<\/a>\n\n\t\t\t\t<\/div>\n\t\t\t\t\t<\/div>\n\t\t<\/article>\n\t\t\t\t<article class=\"elementor-post elementor-grid-item post-13964 post type-post status-publish format-standard has-post-thumbnail hentry category-geen-onderdeel-van-een-categorie\" role=\"listitem\">\n\t\t\t<div class=\"elementor-post__card\">\n\t\t\t\t<a class=\"elementor-post__thumbnail__link\" href=\"https:\/\/botrange.be\/nl\/2025\/03\/15\/chalet-loci-hoge-venen-botrange-bistro-opent-op-15-maart\/\" tabindex=\"-1\" ><div class=\"elementor-post__thumbnail\"><img loading=\"lazy\" decoding=\"async\" width=\"480\" height=\"340\" src=\"https:\/\/botrange.be\/wp-content\/uploads\/2025\/03\/485697166_122107973390800861_3790904687942218042_n-480x340.jpg\" class=\"attachment-layers-landscape-medium size-layers-landscape-medium wp-image-14093\" alt=\"\" \/><\/div><\/a>\n\t\t\t\t<div class=\"elementor-post__text\">\n\t\t\t\t<h3 class=\"elementor-post__title\">\n\t\t\t<a href=\"https:\/\/botrange.be\/nl\/2025\/03\/15\/chalet-loci-hoge-venen-botrange-bistro-opent-op-15-maart\/\" >\n\t\t\t\tChalet Loci Hoge Venen &#8211; Botrange Bistro opent op 15 maart!\t\t\t<\/a>\n\t\t<\/h3>\n\t\t\t\t<div class=\"elementor-post__excerpt\">\n\t\t\t<p class=\"excerpt\">Het team van het natuurpark en Chalet Loci zijn verheugd om officieel de heropening van de horecazaak in het Natuurparkcentrum-Botrange aan te kondigen! De offici\u00eble heropening vond plaats in het<\/p>\n\t\t<\/div>\n\t\t\n\t\t<a class=\"elementor-post__read-more\" href=\"https:\/\/botrange.be\/nl\/2025\/03\/15\/chalet-loci-hoge-venen-botrange-bistro-opent-op-15-maart\/\" aria-label=\"Lees meer over Chalet Loci Hoge Venen &#8211; Botrange Bistro opent op 15 maart!\" tabindex=\"-1\" >\n\t\t\tLees meer +\t\t<\/a>\n\n\t\t\t\t<\/div>\n\t\t\t\t\t<\/div>\n\t\t<\/article>\n\t\t\t\t<article class=\"elementor-post elementor-grid-item post-13866 post type-post status-publish format-standard has-post-thumbnail hentry category-schoolactiviteiten tag-schoolactiviteiten\" role=\"listitem\">\n\t\t\t<div class=\"elementor-post__card\">\n\t\t\t\t<a class=\"elementor-post__thumbnail__link\" href=\"https:\/\/botrange.be\/nl\/2025\/02\/07\/ben-je-natuurgids\/\" tabindex=\"-1\" ><div class=\"elementor-post__thumbnail\"><img loading=\"lazy\" decoding=\"async\" width=\"480\" height=\"340\" src=\"https:\/\/botrange.be\/wp-content\/uploads\/2022\/06\/DSC_0212-480x340.jpg\" class=\"attachment-layers-landscape-medium size-layers-landscape-medium wp-image-8155\" alt=\"balades en famille\" \/><\/div><\/a>\n\t\t\t\t<div class=\"elementor-post__text\">\n\t\t\t\t<h3 class=\"elementor-post__title\">\n\t\t\t<a href=\"https:\/\/botrange.be\/nl\/2025\/02\/07\/ben-je-natuurgids\/\" >\n\t\t\t\tBen je natuurgids?\t\t\t<\/a>\n\t\t<\/h3>\n\t\t\t\t<div class=\"elementor-post__excerpt\">\n\t\t\t<p class=\"excerpt\">Wordt gids op het plateau van de Hoge Venen! Je bent (of volgt een opleiding tot) natuurgids en wilt je vaardigheden als wandelgids of natuurbelevingsanimator oefenen? Kom dan het team<\/p>\n\t\t<\/div>\n\t\t\n\t\t<a class=\"elementor-post__read-more\" href=\"https:\/\/botrange.be\/nl\/2025\/02\/07\/ben-je-natuurgids\/\" aria-label=\"Lees meer over Ben je natuurgids?\" tabindex=\"-1\" >\n\t\t\tLees meer +\t\t<\/a>\n\n\t\t\t\t<\/div>\n\t\t\t\t\t<\/div>\n\t\t<\/article>\n\t\t\t\t<article class=\"elementor-post elementor-grid-item post-11406 post type-post status-publish format-standard has-post-thumbnail hentry category-geen-onderdeel-van-een-categorie\" role=\"listitem\">\n\t\t\t<div class=\"elementor-post__card\">\n\t\t\t\t<a class=\"elementor-post__thumbnail__link\" href=\"https:\/\/botrange.be\/nl\/2024\/04\/03\/vrijwilligers-gezocht\/\" tabindex=\"-1\" ><div class=\"elementor-post__thumbnail\"><img loading=\"lazy\" decoding=\"async\" width=\"480\" height=\"340\" src=\"https:\/\/botrange.be\/wp-content\/uploads\/2024\/01\/P1010668-480x340.jpg\" class=\"attachment-layers-landscape-medium size-layers-landscape-medium wp-image-10530\" alt=\"Appel \u00e0 b\u00e9n\u00e9voles\" \/><\/div><\/a>\n\t\t\t\t<div class=\"elementor-post__text\">\n\t\t\t\t<h3 class=\"elementor-post__title\">\n\t\t\t<a href=\"https:\/\/botrange.be\/nl\/2024\/04\/03\/vrijwilligers-gezocht\/\" >\n\t\t\t\tVrijwilligers gezocht!\t\t\t<\/a>\n\t\t<\/h3>\n\t\t\t\t<div class=\"elementor-post__excerpt\">\n\t\t\t<p class=\"excerpt\">Hou je van wandelen in de natuur? Ben je gepassioneerd door de Hoge Venen? Wil je meehelpen om deze unieke biotoop te beschermen? Kom dan het toekomstige team van vrijwillige<\/p>\n\t\t<\/div>\n\t\t\n\t\t<a class=\"elementor-post__read-more\" href=\"https:\/\/botrange.be\/nl\/2024\/04\/03\/vrijwilligers-gezocht\/\" aria-label=\"Lees meer over Vrijwilligers gezocht!\" tabindex=\"-1\" >\n\t\t\tLees meer +\t\t<\/a>\n\n\t\t\t\t<\/div>\n\t\t\t\t\t<\/div>\n\t\t<\/article>\n\t\t\t\t<\/div>\n\t\t\n\t\t\t\t\t\t<\/div>\n\t\t\t\t<\/div>\n\t\t\t\t\t<\/div>\n\t\t<\/div>\n\t\t\t\t\t<\/div>\n\t\t<\/section>\n\t\t\t\t<\/div>\n\t\t","protected":false},"excerpt":{"rendered":"<p class=\"excerpt\">Nieuws<\/p>\n","protected":false},"author":1,"featured_media":0,"parent":13423,"menu_order":0,"comment_status":"closed","ping_status":"closed","template":"template-blank.php","meta":{"_acf_changed":false,"inline_featured_image":false,"_monsterinsights_skip_tracking":false,"_monsterinsights_sitenote_active":false,"_monsterinsights_sitenote_note":"","_monsterinsights_sitenote_category":0,"footnotes":""},"class_list":["post-2941","page","type-page","status-publish","hentry"],"acf":[],"yoast_head":"<!-- This site is optimized with the Yoast SEO plugin v26.7 - https:\/\/yoast.com\/wordpress\/plugins\/seo\/ -->\n<title>Nieuws - Parc naturel Hautes Fagnes-Eifel<\/title>\n<meta name=\"robots\" content=\"index, follow, max-snippet:-1, max-image-preview:large, max-video-preview:-1\" \/>\n<link rel=\"canonical\" href=\"https:\/\/botrange.be\/nl\/natuurpark-van-hoge-venen-eifel\/nieuws\/\" \/>\n<meta property=\"og:locale\" content=\"nl_NL\" \/>\n<meta property=\"og:type\" content=\"article\" \/>\n<meta property=\"og:title\" content=\"Nieuws - Parc naturel Hautes Fagnes-Eifel\" \/>\n<meta property=\"og:description\" content=\"Nieuws\" \/>\n<meta property=\"og:url\" content=\"https:\/\/botrange.be\/nl\/natuurpark-van-hoge-venen-eifel\/nieuws\/\" \/>\n<meta property=\"og:site_name\" content=\"Parc naturel Hautes Fagnes-Eifel\" \/>\n<meta name=\"twitter:card\" content=\"summary_large_image\" \/>\n<script type=\"application\/ld+json\" class=\"yoast-schema-graph\">{\"@context\":\"https:\/\/schema.org\",\"@graph\":[{\"@type\":\"WebPage\",\"@id\":\"https:\/\/botrange.be\/nl\/natuurpark-van-hoge-venen-eifel\/nieuws\/\",\"url\":\"https:\/\/botrange.be\/nl\/natuurpark-van-hoge-venen-eifel\/nieuws\/\",\"name\":\"Nieuws - Parc naturel Hautes Fagnes-Eifel\",\"isPartOf\":{\"@id\":\"https:\/\/botrange.be\/nl\/#website\"},\"datePublished\":\"2021-09-08T14:10:25+00:00\",\"breadcrumb\":{\"@id\":\"https:\/\/botrange.be\/nl\/natuurpark-van-hoge-venen-eifel\/nieuws\/#breadcrumb\"},\"inLanguage\":\"nl-NL\",\"potentialAction\":[{\"@type\":\"ReadAction\",\"target\":[\"https:\/\/botrange.be\/nl\/natuurpark-van-hoge-venen-eifel\/nieuws\/\"]}]},{\"@type\":\"BreadcrumbList\",\"@id\":\"https:\/\/botrange.be\/nl\/natuurpark-van-hoge-venen-eifel\/nieuws\/#breadcrumb\",\"itemListElement\":[{\"@type\":\"ListItem\",\"position\":1,\"name\":\"Accueil\",\"item\":\"https:\/\/botrange.be\/nl\/\"},{\"@type\":\"ListItem\",\"position\":2,\"name\":\"Nieuws\"}]},{\"@type\":\"WebSite\",\"@id\":\"https:\/\/botrange.be\/nl\/#website\",\"url\":\"https:\/\/botrange.be\/nl\/\",\"name\":\"Parc naturel Hautes Fagnes-Eifel\",\"description\":\"50 ANS 1971-2021\",\"publisher\":{\"@id\":\"https:\/\/botrange.be\/nl\/#organization\"},\"potentialAction\":[{\"@type\":\"SearchAction\",\"target\":{\"@type\":\"EntryPoint\",\"urlTemplate\":\"https:\/\/botrange.be\/nl\/?s={search_term_string}\"},\"query-input\":{\"@type\":\"PropertyValueSpecification\",\"valueRequired\":true,\"valueName\":\"search_term_string\"}}],\"inLanguage\":\"nl-NL\"},{\"@type\":\"Organization\",\"@id\":\"https:\/\/botrange.be\/nl\/#organization\",\"name\":\"Parc naturel Hautes Fagnes-Eifel\",\"url\":\"https:\/\/botrange.be\/nl\/\",\"logo\":{\"@type\":\"ImageObject\",\"inLanguage\":\"nl-NL\",\"@id\":\"https:\/\/botrange.be\/nl\/#\/schema\/logo\/image\/\",\"url\":\"https:\/\/botrange.be\/wp-content\/uploads\/2021\/06\/logo.svg\",\"contentUrl\":\"https:\/\/botrange.be\/wp-content\/uploads\/2021\/06\/logo.svg\",\"caption\":\"Parc naturel Hautes Fagnes-Eifel\"},\"image\":{\"@id\":\"https:\/\/botrange.be\/nl\/#\/schema\/logo\/image\/\"}}]}<\/script>\n<!-- \/ Yoast SEO plugin. -->","yoast_head_json":{"title":"Nieuws - Parc naturel Hautes Fagnes-Eifel","robots":{"index":"index","follow":"follow","max-snippet":"max-snippet:-1","max-image-preview":"max-image-preview:large","max-video-preview":"max-video-preview:-1"},"canonical":"https:\/\/botrange.be\/nl\/natuurpark-van-hoge-venen-eifel\/nieuws\/","og_locale":"nl_NL","og_type":"article","og_title":"Nieuws - Parc naturel Hautes Fagnes-Eifel","og_description":"Nieuws","og_url":"https:\/\/botrange.be\/nl\/natuurpark-van-hoge-venen-eifel\/nieuws\/","og_site_name":"Parc naturel Hautes Fagnes-Eifel","twitter_card":"summary_large_image","schema":{"@context":"https:\/\/schema.org","@graph":[{"@type":"WebPage","@id":"https:\/\/botrange.be\/nl\/natuurpark-van-hoge-venen-eifel\/nieuws\/","url":"https:\/\/botrange.be\/nl\/natuurpark-van-hoge-venen-eifel\/nieuws\/","name":"Nieuws - Parc naturel Hautes Fagnes-Eifel","isPartOf":{"@id":"https:\/\/botrange.be\/nl\/#website"},"datePublished":"2021-09-08T14:10:25+00:00","breadcrumb":{"@id":"https:\/\/botrange.be\/nl\/natuurpark-van-hoge-venen-eifel\/nieuws\/#breadcrumb"},"inLanguage":"nl-NL","potentialAction":[{"@type":"ReadAction","target":["https:\/\/botrange.be\/nl\/natuurpark-van-hoge-venen-eifel\/nieuws\/"]}]},{"@type":"BreadcrumbList","@id":"https:\/\/botrange.be\/nl\/natuurpark-van-hoge-venen-eifel\/nieuws\/#breadcrumb","itemListElement":[{"@type":"ListItem","position":1,"name":"Accueil","item":"https:\/\/botrange.be\/nl\/"},{"@type":"ListItem","position":2,"name":"Nieuws"}]},{"@type":"WebSite","@id":"https:\/\/botrange.be\/nl\/#website","url":"https:\/\/botrange.be\/nl\/","name":"Parc naturel Hautes Fagnes-Eifel","description":"50 ANS 1971-2021","publisher":{"@id":"https:\/\/botrange.be\/nl\/#organization"},"potentialAction":[{"@type":"SearchAction","target":{"@type":"EntryPoint","urlTemplate":"https:\/\/botrange.be\/nl\/?s={search_term_string}"},"query-input":{"@type":"PropertyValueSpecification","valueRequired":true,"valueName":"search_term_string"}}],"inLanguage":"nl-NL"},{"@type":"Organization","@id":"https:\/\/botrange.be\/nl\/#organization","name":"Parc naturel Hautes Fagnes-Eifel","url":"https:\/\/botrange.be\/nl\/","logo":{"@type":"ImageObject","inLanguage":"nl-NL","@id":"https:\/\/botrange.be\/nl\/#\/schema\/logo\/image\/","url":"https:\/\/botrange.be\/wp-content\/uploads\/2021\/06\/logo.svg","contentUrl":"https:\/\/botrange.be\/wp-content\/uploads\/2021\/06\/logo.svg","caption":"Parc naturel Hautes Fagnes-Eifel"},"image":{"@id":"https:\/\/botrange.be\/nl\/#\/schema\/logo\/image\/"}}]}},"_links":{"self":[{"href":"https:\/\/botrange.be\/nl\/wp-json\/wp\/v2\/pages\/2941","targetHints":{"allow":["GET"]}}],"collection":[{"href":"https:\/\/botrange.be\/nl\/wp-json\/wp\/v2\/pages"}],"about":[{"href":"https:\/\/botrange.be\/nl\/wp-json\/wp\/v2\/types\/page"}],"author":[{"embeddable":true,"href":"https:\/\/botrange.be\/nl\/wp-json\/wp\/v2\/users\/1"}],"replies":[{"embeddable":true,"href":"https:\/\/botrange.be\/nl\/wp-json\/wp\/v2\/comments?post=2941"}],"version-history":[{"count":1,"href":"https:\/\/botrange.be\/nl\/wp-json\/wp\/v2\/pages\/2941\/revisions"}],"predecessor-version":[{"id":2942,"href":"https:\/\/botrange.be\/nl\/wp-json\/wp\/v2\/pages\/2941\/revisions\/2942"}],"up":[{"embeddable":true,"href":"https:\/\/botrange.be\/nl\/wp-json\/wp\/v2\/pages\/13423"}],"wp:attachment":[{"href":"https:\/\/botrange.be\/nl\/wp-json\/wp\/v2\/media?parent=2941"}],"curies":[{"name":"wp","href":"https:\/\/api.w.org\/{rel}","templated":true}]}}